{"id":328,"date":"2024-04-05T21:30:59","date_gmt":"2024-04-05T19:30:59","guid":{"rendered":"http:\/\/localhost\/wordpress2\/?page_id=328"},"modified":"2025-11-10T14:47:12","modified_gmt":"2025-11-10T18:47:12","slug":"descripcion-de-los-objetivos-y-funciones-principales-de-la-entidad-2","status":"publish","type":"page","link":"https:\/\/pag.senamhi.gob.bo\/index.php\/descripcion-de-los-objetivos-y-funciones-principales-de-la-entidad-2\/","title":{"rendered":"Objetivos Institucionales."},"content":{"rendered":"\n<p class=\"has-text-align-left has-medium-font-size\">Organizar, mantener, incrementar y perfeccionar la red nacional de estaciones meteorol\u00f3gicos e hidrol\u00f3gicas de acuerdo a las necesidades actuales y futuras del pa\u00eds.<\/p>\n\n\n\n<h2 class=\"wp-block-heading\">Objetivos<\/h2>\n\n\n\n<ul class=\"wp-block-list\">\n<li class=\"has-medium-font-size\">Procesar y registrar las observaciones de conformidad con las normas establecidas en los convenios internacionales sobre la materia.<\/li>\n\n\n\n<li class=\"has-medium-font-size\">Velar por la formaci\u00f3n y el perfeccionamiento de los t\u00e9cnicos del servicio y por el formato de las investigaciones meteorol\u00f3gicas e hidrol\u00f3gicas.<\/li>\n<\/ul>\n\n\n\n<p><\/p>\n\n\n\n<p>&nbsp;<\/p>\n\n\n\n\n\n<p><\/p>\n","protected":false},"excerpt":{"rendered":"<p>Organizar, mantener, incrementar y perfeccionar la red nacional de estaciones meteorol\u00f3gicos e hidrol\u00f3gicas de acuerdo a las necesidades actuales y futuras del pa\u00eds. Objetivos &nbsp;<\/p>\n","protected":false},"author":1,"featured_media":0,"parent":0,"menu_order":0,"comment_status":"closed","ping_status":"closed","template":"","meta":{"_acf_changed":false,"footnotes":""},"class_list":["post-328","page","type-page","status-publish","hentry"],"acf":[],"_links":{"self":[{"href":"https:\/\/pag.senamhi.gob.bo\/index.php\/wp-json\/wp\/v2\/pages\/328","targetHints":{"allow":["GET"]}}],"collection":[{"href":"https:\/\/pag.senamhi.gob.bo\/index.php\/wp-json\/wp\/v2\/pages"}],"about":[{"href":"https:\/\/pag.senamhi.gob.bo\/index.php\/wp-json\/wp\/v2\/types\/page"}],"author":[{"embeddable":true,"href":"https:\/\/pag.senamhi.gob.bo\/index.php\/wp-json\/wp\/v2\/users\/1"}],"replies":[{"embeddable":true,"href":"https:\/\/pag.senamhi.gob.bo\/index.php\/wp-json\/wp\/v2\/comments?post=328"}],"version-history":[{"count":20,"href":"https:\/\/pag.senamhi.gob.bo\/index.php\/wp-json\/wp\/v2\/pages\/328\/revisions"}],"predecessor-version":[{"id":21326,"href":"https:\/\/pag.senamhi.gob.bo\/index.php\/wp-json\/wp\/v2\/pages\/328\/revisions\/21326"}],"wp:attachment":[{"href":"https:\/\/pag.senamhi.gob.bo\/index.php\/wp-json\/wp\/v2\/media?parent=328"}],"curies":[{"name":"wp","href":"https:\/\/api.w.org\/{rel}","templated":true}]}}