{"id":321,"date":"2024-04-05T21:30:47","date_gmt":"2024-04-05T19:30:47","guid":{"rendered":"http:\/\/localhost\/wordpress2\/?page_id=321"},"modified":"2025-08-19T11:37:32","modified_gmt":"2025-08-19T15:37:32","slug":"breve-historia-o-resena-sobre-la-creacion-y-evolucion-de-la-entidad","status":"publish","type":"page","link":"https:\/\/pag.senamhi.gob.bo\/index.php\/breve-historia-o-resena-sobre-la-creacion-y-evolucion-de-la-entidad\/","title":{"rendered":"Rese\u00f1a Hist\u00f3rica"},"content":{"rendered":"\n<p><\/p>\n\n\n\n<p><\/p>\n\n\n\n<p class=\"has-medium-font-size\">Creado por mandato del D.S. 08465\/1968 en fecha 4 de septiembre de 1968, es un organismo t\u00e9cnico descentralizado del Estado, bajo tuici\u00f3n del Ministerio de Medio Ambiente y Agua.<\/p>\n\n\n\n<p class=\"has-medium-font-size\">Rector de la actividad de monitoreo, registro y procesamiento de informaci\u00f3n meteorol\u00f3gica, hidrol\u00f3gica, presta servicios especializados en estos campos.<\/p>\n\n\n\n<p class=\"has-medium-font-size\">Dentro de sus competencias est\u00e1 adem\u00e1s la de ejercer autoridad de toda la actividad meteorol\u00f3gica e hidrol\u00f3gica en el territorio del Estado Plurinacional.<\/p>\n\n\n\n<p><\/p>\n","protected":false},"excerpt":{"rendered":"<p>Creado por mandato del D.S. 08465\/1968 en fecha 4 de septiembre de 1968, es un organismo t\u00e9cnico descentralizado del Estado, bajo tuici\u00f3n del Ministerio de Medio Ambiente y Agua. Rector de la actividad de monitoreo, registro y procesamiento de informaci\u00f3n meteorol\u00f3gica, hidrol\u00f3gica, presta servicios especializados en estos campos. Dentro de sus competencias est\u00e1 adem\u00e1s la [&hellip;]<\/p>\n","protected":false},"author":1,"featured_media":16967,"parent":0,"menu_order":0,"comment_status":"closed","ping_status":"closed","template":"","meta":{"_acf_changed":false,"footnotes":""},"class_list":["post-321","page","type-page","status-publish","has-post-thumbnail","hentry"],"acf":[],"_links":{"self":[{"href":"https:\/\/pag.senamhi.gob.bo\/index.php\/wp-json\/wp\/v2\/pages\/321","targetHints":{"allow":["GET"]}}],"collection":[{"href":"https:\/\/pag.senamhi.gob.bo\/index.php\/wp-json\/wp\/v2\/pages"}],"about":[{"href":"https:\/\/pag.senamhi.gob.bo\/index.php\/wp-json\/wp\/v2\/types\/page"}],"author":[{"embeddable":true,"href":"https:\/\/pag.senamhi.gob.bo\/index.php\/wp-json\/wp\/v2\/users\/1"}],"replies":[{"embeddable":true,"href":"https:\/\/pag.senamhi.gob.bo\/index.php\/wp-json\/wp\/v2\/comments?post=321"}],"version-history":[{"count":20,"href":"https:\/\/pag.senamhi.gob.bo\/index.php\/wp-json\/wp\/v2\/pages\/321\/revisions"}],"predecessor-version":[{"id":17390,"href":"https:\/\/pag.senamhi.gob.bo\/index.php\/wp-json\/wp\/v2\/pages\/321\/revisions\/17390"}],"wp:featuredmedia":[{"embeddable":true,"href":"https:\/\/pag.senamhi.gob.bo\/index.php\/wp-json\/wp\/v2\/media\/16967"}],"wp:attachment":[{"href":"https:\/\/pag.senamhi.gob.bo\/index.php\/wp-json\/wp\/v2\/media?parent=321"}],"curies":[{"name":"wp","href":"https:\/\/api.w.org\/{rel}","templated":true}]}}