{"id":309,"date":"2024-04-05T21:30:25","date_gmt":"2024-04-05T19:30:25","guid":{"rendered":"http:\/\/localhost\/wordpress2\/?page_id=309"},"modified":"2025-08-18T14:28:42","modified_gmt":"2025-08-18T18:28:42","slug":"declaracion-de-la-mision-vision-valores-y-principios-de-la-entidad","status":"publish","type":"page","link":"https:\/\/pag.senamhi.gob.bo\/index.php\/declaracion-de-la-mision-vision-valores-y-principios-de-la-entidad\/","title":{"rendered":"Misi\u00f3n, Visi\u00f3n, Valores y Principios de la Entidad"},"content":{"rendered":"\n<p><\/p>\n\n\n\n<h2 class=\"wp-block-heading\">Misi\u00f3n<\/h2>\n\n\n\n<p><\/p>\n\n\n\n<p>Entidad rectora de la actividad meteorol\u00f3gica, hidrol\u00f3gica y actividades afines; como instituci\u00f3n t\u00e9cnico cient\u00edfica presta servicios especializados que contribuyen al desarrollo sostenible del Estado Plurinacional de Bolivia; proporciona informaci\u00f3n hidrometeorol\u00f3gica a todos los usuarios de la informaci\u00f3n, a los sistemas medioambientales para el cuidado de la Madre Tierra; en el \u00e1mbito nacional e internacional, participa en la vigilancia atmosf\u00e9rica mundial junto a entidades afines; a nivel nacional coadyuva en la gesti\u00f3n de riesgos para la prevenci\u00f3n y mitigaci\u00f3n de desastres; miembro de la Organizaci\u00f3n Meteorol\u00f3gica Mundial (OMM) con representaci\u00f3n internacional en su actividad.<\/p>\n\n\n\n<h2 class=\"wp-block-heading\">Visi\u00f3n<\/h2>\n\n\n\n<p class=\"has-text-align-left\">Constituirse en instituci\u00f3n l\u00edder de la actividad meteorol\u00f3gica e hidrol\u00f3gica, generando servicios y productos de calidad, \u00fatiles, oportunos y confiables; con recursos humanos capacitados, entrenados y motivados que utilizan la investigaci\u00f3n cient\u00edfica en su trabajo apoyando a la gesti\u00f3n de riesgos en la prevenci\u00f3n y mitigaci\u00f3n de desastres naturales, garantizando la inversi\u00f3n en planes y programas de desarrollo sostenible econ\u00f3mico-social del Estado Boliviano; con infraestructura adecuada y equipamiento de \u00faltima generaci\u00f3n. <\/p>\n\n\n\n<h5 class=\"wp-block-heading\">Valores:<\/h5>\n\n\n\n<ul class=\"wp-block-list\">\n<li>Trabajo en equipo<\/li>\n\n\n\n<li>Trabajo orientado a la calidad del servicio<\/li>\n\n\n\n<li>Innovaci\u00f3n y creatividad<\/li>\n\n\n\n<li>Liderazgo<\/li>\n\n\n\n<li>Transparencia<\/li>\n\n\n\n<li>Eficiencia<\/li>\n\n\n\n<li>Responsabilidad<\/li>\n\n\n\n<li>Compromiso social<\/li>\n\n\n\n<li>Respeto<\/li>\n\n\n\n<li>Pluralidad<\/li>\n<\/ul>\n\n\n\n<h2 class=\"wp-block-heading\">Principios:<\/h2>\n\n\n\n<ul class=\"wp-block-list\">\n<li>Ama sua \u2013 Janiw Lunthata \u2013 No seas ladr\u00f3n<\/li>\n\n\n\n<li>Ama llulla \u2013 Janiw K\u2019arisiri \u2013 No seas mentiroso<\/li>\n\n\n\n<li>Ama quella \u2013 Janiw Jayra \u2013 No seas flojo<\/li>\n<\/ul>\n\n\n\n<p><\/p>\n","protected":false},"excerpt":{"rendered":"<p>Misi\u00f3n Entidad rectora de la actividad meteorol\u00f3gica, hidrol\u00f3gica y actividades afines; como instituci\u00f3n t\u00e9cnico cient\u00edfica presta servicios especializados que contribuyen al desarrollo sostenible del Estado Plurinacional de Bolivia; proporciona informaci\u00f3n hidrometeorol\u00f3gica a todos los usuarios de la informaci\u00f3n, a los sistemas medioambientales para el cuidado de la Madre Tierra; en el \u00e1mbito nacional e internacional, [&hellip;]<\/p>\n","protected":false},"author":1,"featured_media":0,"parent":0,"menu_order":0,"comment_status":"closed","ping_status":"closed","template":"","meta":{"_acf_changed":false,"footnotes":""},"class_list":["post-309","page","type-page","status-publish","hentry"],"acf":[],"_links":{"self":[{"href":"https:\/\/pag.senamhi.gob.bo\/index.php\/wp-json\/wp\/v2\/pages\/309","targetHints":{"allow":["GET"]}}],"collection":[{"href":"https:\/\/pag.senamhi.gob.bo\/index.php\/wp-json\/wp\/v2\/pages"}],"about":[{"href":"https:\/\/pag.senamhi.gob.bo\/index.php\/wp-json\/wp\/v2\/types\/page"}],"author":[{"embeddable":true,"href":"https:\/\/pag.senamhi.gob.bo\/index.php\/wp-json\/wp\/v2\/users\/1"}],"replies":[{"embeddable":true,"href":"https:\/\/pag.senamhi.gob.bo\/index.php\/wp-json\/wp\/v2\/comments?post=309"}],"version-history":[{"count":17,"href":"https:\/\/pag.senamhi.gob.bo\/index.php\/wp-json\/wp\/v2\/pages\/309\/revisions"}],"predecessor-version":[{"id":17359,"href":"https:\/\/pag.senamhi.gob.bo\/index.php\/wp-json\/wp\/v2\/pages\/309\/revisions\/17359"}],"wp:attachment":[{"href":"https:\/\/pag.senamhi.gob.bo\/index.php\/wp-json\/wp\/v2\/media?parent=309"}],"curies":[{"name":"wp","href":"https:\/\/api.w.org\/{rel}","templated":true}]}}